{"id":166,"date":"2023-10-02T11:15:42","date_gmt":"2023-10-02T09:15:42","guid":{"rendered":"https:\/\/inmemoriam.tecnocampus.cat\/leonard-janer\/?page_id=166"},"modified":"2023-10-02T11:22:54","modified_gmt":"2023-10-02T09:22:54","slug":"acte-dhomenatge-a-leonard-janer","status":"publish","type":"page","link":"https:\/\/inmemoriam.tecnocampus.cat\/leonard-janer\/acte-dhomenatge-a-leonard-janer\/","title":{"rendered":"Acte d&#8217;homenatge a L\u00e9onard Janer"},"content":{"rendered":"<p>[et_pb_section fb_built=&#8221;1&#8243; fullwidth=&#8221;on&#8221; _builder_version=&#8221;4.22.1&#8243; _module_preset=&#8221;default&#8221; global_colors_info=&#8221;{}&#8221;][et_pb_fullwidth_header title=&#8221;Acte d&#8217;homenatge al professor L\u00e9onard Janer&#8221; _builder_version=&#8221;4.22.1&#8243; _module_preset=&#8221;default&#8221; title_font_size=&#8221;39px&#8221; background_enable_color=&#8221;off&#8221; background_image=&#8221;https:\/\/inmemoriam.tecnocampus.cat\/leonard-janer\/wp-content\/uploads\/sites\/2\/2023\/10\/leonard-23-noti-web-NOU.jpg&#8221; background_layout=&#8221;light&#8221; min_height=&#8221;277px&#8221; custom_margin=&#8221;||||false|false&#8221; custom_padding=&#8221;150px||||false|false&#8221; global_colors_info=&#8221;{}&#8221;][\/et_pb_fullwidth_header][\/et_pb_section][et_pb_section fb_built=&#8221;1&#8243; _builder_version=&#8221;4.22.1&#8243; _module_preset=&#8221;default&#8221; global_colors_info=&#8221;{}&#8221;][et_pb_row column_structure=&#8221;1_2,1_2&#8243; _builder_version=&#8221;4.22.1&#8243; _module_preset=&#8221;default&#8221; global_colors_info=&#8221;{}&#8221;][et_pb_column type=&#8221;1_2&#8243; _builder_version=&#8221;4.22.1&#8243; _module_preset=&#8221;default&#8221; global_colors_info=&#8221;{}&#8221;][\/et_pb_column][et_pb_column type=&#8221;1_2&#8243; _builder_version=&#8221;4.22.1&#8243; _module_preset=&#8221;default&#8221; global_colors_info=&#8221;{}&#8221;][et_pb_text _builder_version=&#8221;4.22.1&#8243; _module_preset=&#8221;default&#8221; text_font_size=&#8221;16px&#8221; custom_margin=&#8221;||||false|false&#8221; custom_padding=&#8221;15px|15px|15px|15px|false|false&#8221; border_radii=&#8221;on|10px|10px|10px|10px&#8221; border_width_all=&#8221;1px&#8221; global_colors_info=&#8221;{}&#8221;]<\/p>\n<p><strong>Dimarts 3 d\u2019octubre<\/strong> a les 18 h.<br \/><strong>Foyer del TecnoCampus<\/strong><\/p>\n<p>[\/et_pb_text][\/et_pb_column][\/et_pb_row][et_pb_row column_structure=&#8221;2_3,1_3&#8243; _builder_version=&#8221;4.22.1&#8243; _module_preset=&#8221;default&#8221; global_colors_info=&#8221;{}&#8221;][et_pb_column type=&#8221;2_3&#8243; _builder_version=&#8221;4.22.1&#8243; _module_preset=&#8221;default&#8221; global_colors_info=&#8221;{}&#8221;][et_pb_text _builder_version=&#8221;4.22.1&#8243; _module_preset=&#8221;default&#8221; text_font_size=&#8221;17px&#8221; header_3_font=&#8221;|700|||||||&#8221; hover_enabled=&#8221;0&#8243; global_colors_info=&#8221;{}&#8221; sticky_enabled=&#8221;0&#8243;]<\/p>\n<p>&nbsp;<\/p>\n<h3>Intervencions:<\/h3>\n<ul>\n<li>Benvinguda a c\u00e0rrec del Sr. Josep Llu\u00eds Checa, director general de la Fundaci\u00f3 TecnoCampus Matar\u00f3-Maresme.<\/li>\n<\/ul>\n<p>&nbsp;<\/p>\n<h3>Testimonis:<\/h3>\n<ul>\n<li><strong>Il\u00b7ltre. Sra. Al\u00edcia Romero<\/strong>, vicepresidenta de la Fundaci\u00f3 TecnoCampus Matar\u00f3-Maresme.<\/li>\n<li><strong>Dr.\u00a0 Pere Barberan<\/strong>, professor del departament de Tecnologia del centre universitari TecnoCampus.<\/li>\n<\/ul>\n<p>&nbsp;<\/p>\n<ul>\n<li>En nom de la comunitat d\u2019estudiants: <strong>Sra. Rebeca Garc\u00eda Franco<\/strong>,\u00a0 <strong>Carlos Mart\u00ednez Bueno<\/strong> i <strong>Arnau Reig M\u00e9ndez<\/strong>.<\/li>\n<li>En nom d\u2019Alumni: <strong>Sr. Victoriano Mart\u00edn Verdugo<\/strong>, Senior Director per a Europa, MidelEast &amp; Africa d\u2019Oracle.<\/li>\n<li>En nom de la fam\u00edlia: <strong>Sr. Fran\u00e7ois Janer<\/strong>, germ\u00e0 de L\u00e9onard Janer.<\/li>\n<\/ul>\n<p>&nbsp;<\/p>\n<p>&nbsp;<\/p>\n<h3><\/h3>\n<h3>Cloenda<\/h3>\n<p>A c\u00e0rrec de l\u2019<strong>Il\u00b7lm. Sr. David Bote,<\/strong> alcalde de Matar\u00f3 i president de la Fundaci\u00f3 TecnoCampus Matar\u00f3-Maresme.<\/p>\n<p>&nbsp;<\/p>\n<p>[\/et_pb_text][\/et_pb_column][et_pb_column type=&#8221;1_3&#8243; _builder_version=&#8221;4.22.1&#8243; _module_preset=&#8221;default&#8221; global_colors_info=&#8221;{}&#8221;][\/et_pb_column][\/et_pb_row][\/et_pb_section]<\/p>\n","protected":false},"excerpt":{"rendered":"<p>Dimarts 3 d\u2019octubre a les 18 h.Foyer del TecnoCampus&nbsp; Intervencions: Benvinguda a c\u00e0rrec del Sr. Josep Llu\u00eds Checa, director general de la Fundaci\u00f3 TecnoCampus Matar\u00f3-Maresme. &nbsp; Testimonis: Il\u00b7ltre. Sra. Al\u00edcia Romero, vicepresidenta de la Fundaci\u00f3 TecnoCampus Matar\u00f3-Maresme. Dr.\u00a0 Pere Barberan, professor del departament de Tecnologia del centre universitari TecnoCampus. &nbsp; En nom de la comunitat [&hellip;]<\/p>\n","protected":false},"author":1,"featured_media":0,"parent":0,"menu_order":0,"comment_status":"closed","ping_status":"closed","template":"","meta":{"_et_pb_use_builder":"on","_et_pb_old_content":"","_et_gb_content_width":"","footnotes":""},"yoast_head":"<!-- This site is optimized with the Yoast SEO plugin v21.2 - https:\/\/yoast.com\/wordpress\/plugins\/seo\/ -->\n<title>Acte d&#039;homenatge a L\u00e9onard Janer - En mem\u00f2ria de L\u00e9onard Janer<\/title>\n<meta name=\"robots\" content=\"index, follow, max-snippet:-1, max-image-preview:large, max-video-preview:-1\" \/>\n<link rel=\"canonical\" href=\"https:\/\/inmemoriam.tecnocampus.cat\/leonard-janer\/acte-dhomenatge-a-leonard-janer\/\" \/>\n<meta property=\"og:locale\" content=\"ca_ES\" \/>\n<meta property=\"og:type\" content=\"article\" \/>\n<meta property=\"og:title\" content=\"Acte d&#039;homenatge a L\u00e9onard Janer - En mem\u00f2ria de L\u00e9onard Janer\" \/>\n<meta property=\"og:description\" content=\"Dimarts 3 d\u2019octubre a les 18 h.Foyer del TecnoCampus&nbsp; Intervencions: Benvinguda a c\u00e0rrec del Sr. Josep Llu\u00eds Checa, director general de la Fundaci\u00f3 TecnoCampus Matar\u00f3-Maresme. &nbsp; Testimonis: Il\u00b7ltre. Sra. Al\u00edcia Romero, vicepresidenta de la Fundaci\u00f3 TecnoCampus Matar\u00f3-Maresme. Dr.\u00a0 Pere Barberan, professor del departament de Tecnologia del centre universitari TecnoCampus. &nbsp; En nom de la comunitat [&hellip;]\" \/>\n<meta property=\"og:url\" content=\"https:\/\/inmemoriam.tecnocampus.cat\/leonard-janer\/acte-dhomenatge-a-leonard-janer\/\" \/>\n<meta property=\"og:site_name\" content=\"En mem\u00f2ria de L\u00e9onard Janer\" \/>\n<meta property=\"article:publisher\" content=\"https:\/\/www.facebook.com\/tecnocampus\" \/>\n<meta property=\"article:modified_time\" content=\"2023-10-02T09:22:54+00:00\" \/>\n<meta name=\"twitter:card\" content=\"summary_large_image\" \/>\n<meta name=\"twitter:site\" content=\"@tecnocampus\" \/>\n<meta name=\"twitter:label1\" content=\"Temps estimat de lectura\" \/>\n\t<meta name=\"twitter:data1\" content=\"1 minut\" \/>\n<script type=\"application\/ld+json\" class=\"yoast-schema-graph\">{\"@context\":\"https:\/\/schema.org\",\"@graph\":[{\"@type\":\"WebPage\",\"@id\":\"https:\/\/inmemoriam.tecnocampus.cat\/leonard-janer\/acte-dhomenatge-a-leonard-janer\/\",\"url\":\"https:\/\/inmemoriam.tecnocampus.cat\/leonard-janer\/acte-dhomenatge-a-leonard-janer\/\",\"name\":\"Acte d'homenatge a L\u00e9onard Janer - En mem\u00f2ria de L\u00e9onard Janer\",\"isPartOf\":{\"@id\":\"https:\/\/inmemoriam.tecnocampus.cat\/leonard-janer\/#website\"},\"datePublished\":\"2023-10-02T09:15:42+00:00\",\"dateModified\":\"2023-10-02T09:22:54+00:00\",\"breadcrumb\":{\"@id\":\"https:\/\/inmemoriam.tecnocampus.cat\/leonard-janer\/acte-dhomenatge-a-leonard-janer\/#breadcrumb\"},\"inLanguage\":\"ca\",\"potentialAction\":[{\"@type\":\"ReadAction\",\"target\":[\"https:\/\/inmemoriam.tecnocampus.cat\/leonard-janer\/acte-dhomenatge-a-leonard-janer\/\"]}]},{\"@type\":\"BreadcrumbList\",\"@id\":\"https:\/\/inmemoriam.tecnocampus.cat\/leonard-janer\/acte-dhomenatge-a-leonard-janer\/#breadcrumb\",\"itemListElement\":[{\"@type\":\"ListItem\",\"position\":1,\"name\":\"Inici\",\"item\":\"https:\/\/inmemoriam.tecnocampus.cat\/leonard-janer\/\"},{\"@type\":\"ListItem\",\"position\":2,\"name\":\"Acte d&#8217;homenatge a L\u00e9onard Janer\"}]},{\"@type\":\"WebSite\",\"@id\":\"https:\/\/inmemoriam.tecnocampus.cat\/leonard-janer\/#website\",\"url\":\"https:\/\/inmemoriam.tecnocampus.cat\/leonard-janer\/\",\"name\":\"En mem\u00f2ria de L\u00e9onard Janer\",\"description\":\"\",\"publisher\":{\"@id\":\"https:\/\/inmemoriam.tecnocampus.cat\/leonard-janer\/#organization\"},\"potentialAction\":[{\"@type\":\"SearchAction\",\"target\":{\"@type\":\"EntryPoint\",\"urlTemplate\":\"https:\/\/inmemoriam.tecnocampus.cat\/leonard-janer\/?s={search_term_string}\"},\"query-input\":\"required name=search_term_string\"}],\"inLanguage\":\"ca\"},{\"@type\":\"Organization\",\"@id\":\"https:\/\/inmemoriam.tecnocampus.cat\/leonard-janer\/#organization\",\"name\":\"In Memoriam de la comunitat TecnoCampus\",\"url\":\"https:\/\/inmemoriam.tecnocampus.cat\/leonard-janer\/\",\"logo\":{\"@type\":\"ImageObject\",\"inLanguage\":\"ca\",\"@id\":\"https:\/\/inmemoriam.tecnocampus.cat\/leonard-janer\/#\/schema\/logo\/image\/\",\"url\":\"https:\/\/inmemoriam.tecnocampus.cat\/leonard-janer\/wp-content\/uploads\/sites\/2\/2023\/09\/cropped-cropped-ei1YhCm1_400x400.jpg\",\"contentUrl\":\"https:\/\/inmemoriam.tecnocampus.cat\/leonard-janer\/wp-content\/uploads\/sites\/2\/2023\/09\/cropped-cropped-ei1YhCm1_400x400.jpg\",\"width\":512,\"height\":512,\"caption\":\"In Memoriam de la comunitat TecnoCampus\"},\"image\":{\"@id\":\"https:\/\/inmemoriam.tecnocampus.cat\/leonard-janer\/#\/schema\/logo\/image\/\"},\"sameAs\":[\"https:\/\/www.facebook.com\/tecnocampus\",\"https:\/\/twitter.com\/tecnocampus\",\"https:\/\/www.instagram.com\/viueltecnocampus\",\"https:\/\/www.linkedin.com\/school\/fundaci-tecnocampus-matar-maresme\/\"]}]}<\/script>\n<!-- \/ Yoast SEO plugin. -->","yoast_head_json":{"title":"Acte d'homenatge a L\u00e9onard Janer - En mem\u00f2ria de L\u00e9onard Janer","robots":{"index":"index","follow":"follow","max-snippet":"max-snippet:-1","max-image-preview":"max-image-preview:large","max-video-preview":"max-video-preview:-1"},"canonical":"https:\/\/inmemoriam.tecnocampus.cat\/leonard-janer\/acte-dhomenatge-a-leonard-janer\/","og_locale":"ca_ES","og_type":"article","og_title":"Acte d'homenatge a L\u00e9onard Janer - En mem\u00f2ria de L\u00e9onard Janer","og_description":"Dimarts 3 d\u2019octubre a les 18 h.Foyer del TecnoCampus&nbsp; Intervencions: Benvinguda a c\u00e0rrec del Sr. Josep Llu\u00eds Checa, director general de la Fundaci\u00f3 TecnoCampus Matar\u00f3-Maresme. &nbsp; Testimonis: Il\u00b7ltre. Sra. Al\u00edcia Romero, vicepresidenta de la Fundaci\u00f3 TecnoCampus Matar\u00f3-Maresme. Dr.\u00a0 Pere Barberan, professor del departament de Tecnologia del centre universitari TecnoCampus. &nbsp; En nom de la comunitat [&hellip;]","og_url":"https:\/\/inmemoriam.tecnocampus.cat\/leonard-janer\/acte-dhomenatge-a-leonard-janer\/","og_site_name":"En mem\u00f2ria de L\u00e9onard Janer","article_publisher":"https:\/\/www.facebook.com\/tecnocampus","article_modified_time":"2023-10-02T09:22:54+00:00","twitter_card":"summary_large_image","twitter_site":"@tecnocampus","twitter_misc":{"Temps estimat de lectura":"1 minut"},"schema":{"@context":"https:\/\/schema.org","@graph":[{"@type":"WebPage","@id":"https:\/\/inmemoriam.tecnocampus.cat\/leonard-janer\/acte-dhomenatge-a-leonard-janer\/","url":"https:\/\/inmemoriam.tecnocampus.cat\/leonard-janer\/acte-dhomenatge-a-leonard-janer\/","name":"Acte d'homenatge a L\u00e9onard Janer - En mem\u00f2ria de L\u00e9onard Janer","isPartOf":{"@id":"https:\/\/inmemoriam.tecnocampus.cat\/leonard-janer\/#website"},"datePublished":"2023-10-02T09:15:42+00:00","dateModified":"2023-10-02T09:22:54+00:00","breadcrumb":{"@id":"https:\/\/inmemoriam.tecnocampus.cat\/leonard-janer\/acte-dhomenatge-a-leonard-janer\/#breadcrumb"},"inLanguage":"ca","potentialAction":[{"@type":"ReadAction","target":["https:\/\/inmemoriam.tecnocampus.cat\/leonard-janer\/acte-dhomenatge-a-leonard-janer\/"]}]},{"@type":"BreadcrumbList","@id":"https:\/\/inmemoriam.tecnocampus.cat\/leonard-janer\/acte-dhomenatge-a-leonard-janer\/#breadcrumb","itemListElement":[{"@type":"ListItem","position":1,"name":"Inici","item":"https:\/\/inmemoriam.tecnocampus.cat\/leonard-janer\/"},{"@type":"ListItem","position":2,"name":"Acte d&#8217;homenatge a L\u00e9onard Janer"}]},{"@type":"WebSite","@id":"https:\/\/inmemoriam.tecnocampus.cat\/leonard-janer\/#website","url":"https:\/\/inmemoriam.tecnocampus.cat\/leonard-janer\/","name":"En mem\u00f2ria de L\u00e9onard Janer","description":"","publisher":{"@id":"https:\/\/inmemoriam.tecnocampus.cat\/leonard-janer\/#organization"},"potentialAction":[{"@type":"SearchAction","target":{"@type":"EntryPoint","urlTemplate":"https:\/\/inmemoriam.tecnocampus.cat\/leonard-janer\/?s={search_term_string}"},"query-input":"required name=search_term_string"}],"inLanguage":"ca"},{"@type":"Organization","@id":"https:\/\/inmemoriam.tecnocampus.cat\/leonard-janer\/#organization","name":"In Memoriam de la comunitat TecnoCampus","url":"https:\/\/inmemoriam.tecnocampus.cat\/leonard-janer\/","logo":{"@type":"ImageObject","inLanguage":"ca","@id":"https:\/\/inmemoriam.tecnocampus.cat\/leonard-janer\/#\/schema\/logo\/image\/","url":"https:\/\/inmemoriam.tecnocampus.cat\/leonard-janer\/wp-content\/uploads\/sites\/2\/2023\/09\/cropped-cropped-ei1YhCm1_400x400.jpg","contentUrl":"https:\/\/inmemoriam.tecnocampus.cat\/leonard-janer\/wp-content\/uploads\/sites\/2\/2023\/09\/cropped-cropped-ei1YhCm1_400x400.jpg","width":512,"height":512,"caption":"In Memoriam de la comunitat TecnoCampus"},"image":{"@id":"https:\/\/inmemoriam.tecnocampus.cat\/leonard-janer\/#\/schema\/logo\/image\/"},"sameAs":["https:\/\/www.facebook.com\/tecnocampus","https:\/\/twitter.com\/tecnocampus","https:\/\/www.instagram.com\/viueltecnocampus","https:\/\/www.linkedin.com\/school\/fundaci-tecnocampus-matar-maresme\/"]}]}},"_links":{"self":[{"href":"https:\/\/inmemoriam.tecnocampus.cat\/leonard-janer\/wp-json\/wp\/v2\/pages\/166"}],"collection":[{"href":"https:\/\/inmemoriam.tecnocampus.cat\/leonard-janer\/wp-json\/wp\/v2\/pages"}],"about":[{"href":"https:\/\/inmemoriam.tecnocampus.cat\/leonard-janer\/wp-json\/wp\/v2\/types\/page"}],"author":[{"embeddable":true,"href":"https:\/\/inmemoriam.tecnocampus.cat\/leonard-janer\/wp-json\/wp\/v2\/users\/1"}],"replies":[{"embeddable":true,"href":"https:\/\/inmemoriam.tecnocampus.cat\/leonard-janer\/wp-json\/wp\/v2\/comments?post=166"}],"version-history":[{"count":5,"href":"https:\/\/inmemoriam.tecnocampus.cat\/leonard-janer\/wp-json\/wp\/v2\/pages\/166\/revisions"}],"predecessor-version":[{"id":174,"href":"https:\/\/inmemoriam.tecnocampus.cat\/leonard-janer\/wp-json\/wp\/v2\/pages\/166\/revisions\/174"}],"wp:attachment":[{"href":"https:\/\/inmemoriam.tecnocampus.cat\/leonard-janer\/wp-json\/wp\/v2\/media?parent=166"}],"curies":[{"name":"wp","href":"https:\/\/api.w.org\/{rel}","templated":true}]}}