{"id":77,"date":"2023-09-26T10:21:35","date_gmt":"2023-09-26T08:21:35","guid":{"rendered":"https:\/\/inmemoriam.tecnocampus.cat\/leonard-janer\/?page_id=77"},"modified":"2023-09-28T10:00:13","modified_gmt":"2023-09-28T08:00:13","slug":"missatges-de-condol","status":"publish","type":"page","link":"https:\/\/inmemoriam.tecnocampus.cat\/leonard-janer\/missatges-de-condol\/","title":{"rendered":"Missatges de condol"},"content":{"rendered":"<p>[et_pb_section fb_built=&#8221;1&#8243; fullwidth=&#8221;on&#8221; _builder_version=&#8221;4.22.1&#8243; _module_preset=&#8221;default&#8221; global_colors_info=&#8221;{}&#8221;][et_pb_fullwidth_header title=&#8221;Missatges de condol&#8221; _builder_version=&#8221;4.22.1&#8243; _module_preset=&#8221;default&#8221; title_font_size=&#8221;47px&#8221; background_enable_color=&#8221;off&#8221; use_background_color_gradient=&#8221;on&#8221; background_color_gradient_direction=&#8221;120deg&#8221; background_color_gradient_stops=&#8221;rgba(0,0,0,0.8) 27%|rgba(255,255,255,0) 79%&#8221; background_color_gradient_overlays_image=&#8221;on&#8221; background_image=&#8221;https:\/\/inmemoriam.tecnocampus.cat\/leonard-janer\/wp-content\/uploads\/sites\/2\/2023\/09\/header-condol-2.jpg&#8221; min_height=&#8221;300px&#8221; custom_padding=&#8221;||96px|||&#8221; global_colors_info=&#8221;{}&#8221;][\/et_pb_fullwidth_header][\/et_pb_section][et_pb_section fb_built=&#8221;1&#8243; admin_label=&#8221;section&#8221; _builder_version=&#8221;4.16&#8243; min_height=&#8221;157px&#8221; global_colors_info=&#8221;{}&#8221;][et_pb_row admin_label=&#8221;row&#8221; _builder_version=&#8221;4.16&#8243; background_size=&#8221;initial&#8221; background_position=&#8221;top_left&#8221; background_repeat=&#8221;repeat&#8221; global_colors_info=&#8221;{}&#8221;][et_pb_column type=&#8221;4_4&#8243; _builder_version=&#8221;4.16&#8243; custom_padding=&#8221;|||&#8221; global_colors_info=&#8221;{}&#8221; custom_padding__hover=&#8221;|||&#8221;][et_pb_text _builder_version=&#8221;4.22.1&#8243; _module_preset=&#8221;default&#8221; text_font_size=&#8221;16px&#8221; global_colors_info=&#8221;{}&#8221;]<\/p>\n<p>Aquest espai est\u00e0 destinat a deixar missatges de condol en record d&#8217;en L\u00e9onard Janer.<\/p>\n<p>Gr\u00e0cies per la teva aportaci\u00f3.<\/p>\n<p>[\/et_pb_text][et_pb_contact_form email=&#8221;marquetingdigital@tecnocampus.cat&#8221; custom_message=&#8221;Hi ha un nou missatge en record de L\u00e9onard Janer:||et_pb_line_break_holder||||et_pb_line_break_holder||%%Name%%||et_pb_line_break_holder||%%Message%%||et_pb_line_break_holder||<\/p>\n<p>||et_pb_line_break_holder||%%Relacio%%&#8221; success_message=&#8221;Hem rebut el teu missatge de condol. El publicarem de seguida al web&#8221; submit_button_text=&#8221;Enviar&#8221; _builder_version=&#8221;4.22.1&#8243; _module_preset=&#8221;default&#8221; _unique_id=&#8221;a7b22501-98db-4de3-b3e2-4b376908c1d6&#8243; form_field_text_color=&#8221;#000000&#8243; form_field_font_size=&#8221;16px&#8221; custom_button=&#8221;on&#8221; button_text_size=&#8221;19px&#8221; button_text_color=&#8221;#000000&#8243; button_border_width=&#8221;1px&#8221; button_border_radius=&#8221;26px&#8221; global_colors_info=&#8221;{}&#8221;][et_pb_contact_field field_id=&#8221;Name&#8221; field_title=&#8221;Nom i cognoms&#8221; _builder_version=&#8221;4.22.1&#8243; global_colors_info=&#8221;{}&#8221; button_text_size__hover_enabled=&#8221;off&#8221; button_one_text_size__hover_enabled=&#8221;off&#8221; button_two_text_size__hover_enabled=&#8221;off&#8221; button_text_color__hover_enabled=&#8221;off&#8221; button_one_text_color__hover_enabled=&#8221;off&#8221; button_two_text_color__hover_enabled=&#8221;off&#8221; button_border_width__hover_enabled=&#8221;off&#8221; button_one_border_width__hover_enabled=&#8221;off&#8221; button_two_border_width__hover_enabled=&#8221;off&#8221; button_border_color__hover_enabled=&#8221;off&#8221; button_one_border_color__hover_enabled=&#8221;off&#8221; button_two_border_color__hover_enabled=&#8221;off&#8221; button_border_radius__hover_enabled=&#8221;off&#8221; button_one_border_radius__hover_enabled=&#8221;off&#8221; button_two_border_radius__hover_enabled=&#8221;off&#8221; button_letter_spacing__hover_enabled=&#8221;off&#8221; button_one_letter_spacing__hover_enabled=&#8221;off&#8221; button_two_letter_spacing__hover_enabled=&#8221;off&#8221; button_bg_color__hover_enabled=&#8221;off&#8221; button_one_bg_color__hover_enabled=&#8221;off&#8221; button_two_bg_color__hover_enabled=&#8221;off&#8221;][\/et_pb_contact_field][et_pb_contact_field field_id=&#8221;Message&#8221; field_title=&#8221;Missatge&#8221; field_type=&#8221;text&#8221; fullwidth_field=&#8221;on&#8221; _builder_version=&#8221;4.22.1&#8243; global_colors_info=&#8221;{}&#8221; button_text_size__hover_enabled=&#8221;off&#8221; button_one_text_size__hover_enabled=&#8221;off&#8221; button_two_text_size__hover_enabled=&#8221;off&#8221; button_text_color__hover_enabled=&#8221;off&#8221; button_one_text_color__hover_enabled=&#8221;off&#8221; button_two_text_color__hover_enabled=&#8221;off&#8221; button_border_width__hover_enabled=&#8221;off&#8221; button_one_border_width__hover_enabled=&#8221;off&#8221; button_two_border_width__hover_enabled=&#8221;off&#8221; button_border_color__hover_enabled=&#8221;off&#8221; button_one_border_color__hover_enabled=&#8221;off&#8221; button_two_border_color__hover_enabled=&#8221;off&#8221; button_border_radius__hover_enabled=&#8221;off&#8221; button_one_border_radius__hover_enabled=&#8221;off&#8221; button_two_border_radius__hover_enabled=&#8221;off&#8221; button_letter_spacing__hover_enabled=&#8221;off&#8221; button_one_letter_spacing__hover_enabled=&#8221;off&#8221; button_two_letter_spacing__hover_enabled=&#8221;off&#8221; button_bg_color__hover_enabled=&#8221;off&#8221; button_one_bg_color__hover_enabled=&#8221;off&#8221; button_two_bg_color__hover_enabled=&#8221;off&#8221;][\/et_pb_contact_field][et_pb_contact_field field_id=&#8221;Relacio&#8221; field_title=&#8221;Quina relaci\u00f3 tenies amb en L\u00e9onard? (familiar, estudiant, professor, amic, altres)?&#8221; required_mark=&#8221;off&#8221; fullwidth_field=&#8221;on&#8221; _builder_version=&#8221;4.22.1&#8243; _module_preset=&#8221;default&#8221; global_colors_info=&#8221;{}&#8221;][\/et_pb_contact_field][\/et_pb_contact_form][\/et_pb_column][\/et_pb_row][\/et_pb_section]<\/p>\n","protected":false},"excerpt":{"rendered":"<p>Aquest espai est\u00e0 destinat a deixar missatges de condol en record d&#8217;en L\u00e9onard Janer. Gr\u00e0cies per la teva aportaci\u00f3.<\/p>\n","protected":false},"author":1,"featured_media":0,"parent":0,"menu_order":0,"comment_status":"closed","ping_status":"closed","template":"","meta":{"_et_pb_use_builder":"on","_et_pb_old_content":"","_et_gb_content_width":"","footnotes":""},"yoast_head":"<!-- This site is optimized with the Yoast SEO plugin v21.2 - https:\/\/yoast.com\/wordpress\/plugins\/seo\/ -->\n<title>Missatges de condol - En mem\u00f2ria de L\u00e9onard Janer<\/title>\n<meta name=\"description\" content=\"Mitjan\u00e7ant aquesta p\u00e0gina podr\u00e0s deixar un missatge de condol en el site en mem\u00f2ria de L\u00e9onard Janer\" \/>\n<meta name=\"robots\" content=\"index, follow, max-snippet:-1, max-image-preview:large, max-video-preview:-1\" \/>\n<link rel=\"canonical\" href=\"https:\/\/inmemoriam.tecnocampus.cat\/leonard-janer\/missatges-de-condol\/\" \/>\n<meta property=\"og:locale\" content=\"ca_ES\" \/>\n<meta property=\"og:type\" content=\"article\" \/>\n<meta property=\"og:title\" content=\"Missatges de condol - En mem\u00f2ria de L\u00e9onard Janer\" \/>\n<meta property=\"og:description\" content=\"Mitjan\u00e7ant aquesta p\u00e0gina podr\u00e0s deixar un missatge de condol en el site en mem\u00f2ria de L\u00e9onard Janer\" \/>\n<meta property=\"og:url\" content=\"https:\/\/inmemoriam.tecnocampus.cat\/leonard-janer\/missatges-de-condol\/\" \/>\n<meta property=\"og:site_name\" content=\"En mem\u00f2ria de L\u00e9onard Janer\" \/>\n<meta property=\"article:publisher\" content=\"https:\/\/www.facebook.com\/tecnocampus\" \/>\n<meta property=\"article:modified_time\" content=\"2023-09-28T08:00:13+00:00\" \/>\n<meta name=\"twitter:card\" content=\"summary_large_image\" \/>\n<meta name=\"twitter:site\" content=\"@tecnocampus\" \/>\n<meta name=\"twitter:label1\" content=\"Temps estimat de lectura\" \/>\n\t<meta name=\"twitter:data1\" content=\"1 minut\" \/>\n<script type=\"application\/ld+json\" class=\"yoast-schema-graph\">{\"@context\":\"https:\/\/schema.org\",\"@graph\":[{\"@type\":\"WebPage\",\"@id\":\"https:\/\/inmemoriam.tecnocampus.cat\/leonard-janer\/missatges-de-condol\/\",\"url\":\"https:\/\/inmemoriam.tecnocampus.cat\/leonard-janer\/missatges-de-condol\/\",\"name\":\"Missatges de condol - En mem\u00f2ria de L\u00e9onard Janer\",\"isPartOf\":{\"@id\":\"https:\/\/inmemoriam.tecnocampus.cat\/leonard-janer\/#website\"},\"datePublished\":\"2023-09-26T08:21:35+00:00\",\"dateModified\":\"2023-09-28T08:00:13+00:00\",\"description\":\"Mitjan\u00e7ant aquesta p\u00e0gina podr\u00e0s deixar un missatge de condol en el site en mem\u00f2ria de L\u00e9onard Janer\",\"breadcrumb\":{\"@id\":\"https:\/\/inmemoriam.tecnocampus.cat\/leonard-janer\/missatges-de-condol\/#breadcrumb\"},\"inLanguage\":\"ca\",\"potentialAction\":[{\"@type\":\"ReadAction\",\"target\":[\"https:\/\/inmemoriam.tecnocampus.cat\/leonard-janer\/missatges-de-condol\/\"]}]},{\"@type\":\"BreadcrumbList\",\"@id\":\"https:\/\/inmemoriam.tecnocampus.cat\/leonard-janer\/missatges-de-condol\/#breadcrumb\",\"itemListElement\":[{\"@type\":\"ListItem\",\"position\":1,\"name\":\"Inici\",\"item\":\"https:\/\/inmemoriam.tecnocampus.cat\/leonard-janer\/\"},{\"@type\":\"ListItem\",\"position\":2,\"name\":\"Missatges de condol\"}]},{\"@type\":\"WebSite\",\"@id\":\"https:\/\/inmemoriam.tecnocampus.cat\/leonard-janer\/#website\",\"url\":\"https:\/\/inmemoriam.tecnocampus.cat\/leonard-janer\/\",\"name\":\"En mem\u00f2ria de L\u00e9onard Janer\",\"description\":\"\",\"publisher\":{\"@id\":\"https:\/\/inmemoriam.tecnocampus.cat\/leonard-janer\/#organization\"},\"potentialAction\":[{\"@type\":\"SearchAction\",\"target\":{\"@type\":\"EntryPoint\",\"urlTemplate\":\"https:\/\/inmemoriam.tecnocampus.cat\/leonard-janer\/?s={search_term_string}\"},\"query-input\":\"required name=search_term_string\"}],\"inLanguage\":\"ca\"},{\"@type\":\"Organization\",\"@id\":\"https:\/\/inmemoriam.tecnocampus.cat\/leonard-janer\/#organization\",\"name\":\"In Memoriam de la comunitat TecnoCampus\",\"url\":\"https:\/\/inmemoriam.tecnocampus.cat\/leonard-janer\/\",\"logo\":{\"@type\":\"ImageObject\",\"inLanguage\":\"ca\",\"@id\":\"https:\/\/inmemoriam.tecnocampus.cat\/leonard-janer\/#\/schema\/logo\/image\/\",\"url\":\"https:\/\/inmemoriam.tecnocampus.cat\/leonard-janer\/wp-content\/uploads\/sites\/2\/2023\/09\/cropped-cropped-ei1YhCm1_400x400.jpg\",\"contentUrl\":\"https:\/\/inmemoriam.tecnocampus.cat\/leonard-janer\/wp-content\/uploads\/sites\/2\/2023\/09\/cropped-cropped-ei1YhCm1_400x400.jpg\",\"width\":512,\"height\":512,\"caption\":\"In Memoriam de la comunitat TecnoCampus\"},\"image\":{\"@id\":\"https:\/\/inmemoriam.tecnocampus.cat\/leonard-janer\/#\/schema\/logo\/image\/\"},\"sameAs\":[\"https:\/\/www.facebook.com\/tecnocampus\",\"https:\/\/twitter.com\/tecnocampus\",\"https:\/\/www.instagram.com\/viueltecnocampus\",\"https:\/\/www.linkedin.com\/school\/fundaci-tecnocampus-matar-maresme\/\"]}]}<\/script>\n<!-- \/ Yoast SEO plugin. -->","yoast_head_json":{"title":"Missatges de condol - En mem\u00f2ria de L\u00e9onard Janer","description":"Mitjan\u00e7ant aquesta p\u00e0gina podr\u00e0s deixar un missatge de condol en el site en mem\u00f2ria de L\u00e9onard Janer","robots":{"index":"index","follow":"follow","max-snippet":"max-snippet:-1","max-image-preview":"max-image-preview:large","max-video-preview":"max-video-preview:-1"},"canonical":"https:\/\/inmemoriam.tecnocampus.cat\/leonard-janer\/missatges-de-condol\/","og_locale":"ca_ES","og_type":"article","og_title":"Missatges de condol - En mem\u00f2ria de L\u00e9onard Janer","og_description":"Mitjan\u00e7ant aquesta p\u00e0gina podr\u00e0s deixar un missatge de condol en el site en mem\u00f2ria de L\u00e9onard Janer","og_url":"https:\/\/inmemoriam.tecnocampus.cat\/leonard-janer\/missatges-de-condol\/","og_site_name":"En mem\u00f2ria de L\u00e9onard Janer","article_publisher":"https:\/\/www.facebook.com\/tecnocampus","article_modified_time":"2023-09-28T08:00:13+00:00","twitter_card":"summary_large_image","twitter_site":"@tecnocampus","twitter_misc":{"Temps estimat de lectura":"1 minut"},"schema":{"@context":"https:\/\/schema.org","@graph":[{"@type":"WebPage","@id":"https:\/\/inmemoriam.tecnocampus.cat\/leonard-janer\/missatges-de-condol\/","url":"https:\/\/inmemoriam.tecnocampus.cat\/leonard-janer\/missatges-de-condol\/","name":"Missatges de condol - En mem\u00f2ria de L\u00e9onard Janer","isPartOf":{"@id":"https:\/\/inmemoriam.tecnocampus.cat\/leonard-janer\/#website"},"datePublished":"2023-09-26T08:21:35+00:00","dateModified":"2023-09-28T08:00:13+00:00","description":"Mitjan\u00e7ant aquesta p\u00e0gina podr\u00e0s deixar un missatge de condol en el site en mem\u00f2ria de L\u00e9onard Janer","breadcrumb":{"@id":"https:\/\/inmemoriam.tecnocampus.cat\/leonard-janer\/missatges-de-condol\/#breadcrumb"},"inLanguage":"ca","potentialAction":[{"@type":"ReadAction","target":["https:\/\/inmemoriam.tecnocampus.cat\/leonard-janer\/missatges-de-condol\/"]}]},{"@type":"BreadcrumbList","@id":"https:\/\/inmemoriam.tecnocampus.cat\/leonard-janer\/missatges-de-condol\/#breadcrumb","itemListElement":[{"@type":"ListItem","position":1,"name":"Inici","item":"https:\/\/inmemoriam.tecnocampus.cat\/leonard-janer\/"},{"@type":"ListItem","position":2,"name":"Missatges de condol"}]},{"@type":"WebSite","@id":"https:\/\/inmemoriam.tecnocampus.cat\/leonard-janer\/#website","url":"https:\/\/inmemoriam.tecnocampus.cat\/leonard-janer\/","name":"En mem\u00f2ria de L\u00e9onard Janer","description":"","publisher":{"@id":"https:\/\/inmemoriam.tecnocampus.cat\/leonard-janer\/#organization"},"potentialAction":[{"@type":"SearchAction","target":{"@type":"EntryPoint","urlTemplate":"https:\/\/inmemoriam.tecnocampus.cat\/leonard-janer\/?s={search_term_string}"},"query-input":"required name=search_term_string"}],"inLanguage":"ca"},{"@type":"Organization","@id":"https:\/\/inmemoriam.tecnocampus.cat\/leonard-janer\/#organization","name":"In Memoriam de la comunitat TecnoCampus","url":"https:\/\/inmemoriam.tecnocampus.cat\/leonard-janer\/","logo":{"@type":"ImageObject","inLanguage":"ca","@id":"https:\/\/inmemoriam.tecnocampus.cat\/leonard-janer\/#\/schema\/logo\/image\/","url":"https:\/\/inmemoriam.tecnocampus.cat\/leonard-janer\/wp-content\/uploads\/sites\/2\/2023\/09\/cropped-cropped-ei1YhCm1_400x400.jpg","contentUrl":"https:\/\/inmemoriam.tecnocampus.cat\/leonard-janer\/wp-content\/uploads\/sites\/2\/2023\/09\/cropped-cropped-ei1YhCm1_400x400.jpg","width":512,"height":512,"caption":"In Memoriam de la comunitat TecnoCampus"},"image":{"@id":"https:\/\/inmemoriam.tecnocampus.cat\/leonard-janer\/#\/schema\/logo\/image\/"},"sameAs":["https:\/\/www.facebook.com\/tecnocampus","https:\/\/twitter.com\/tecnocampus","https:\/\/www.instagram.com\/viueltecnocampus","https:\/\/www.linkedin.com\/school\/fundaci-tecnocampus-matar-maresme\/"]}]}},"_links":{"self":[{"href":"https:\/\/inmemoriam.tecnocampus.cat\/leonard-janer\/wp-json\/wp\/v2\/pages\/77"}],"collection":[{"href":"https:\/\/inmemoriam.tecnocampus.cat\/leonard-janer\/wp-json\/wp\/v2\/pages"}],"about":[{"href":"https:\/\/inmemoriam.tecnocampus.cat\/leonard-janer\/wp-json\/wp\/v2\/types\/page"}],"author":[{"embeddable":true,"href":"https:\/\/inmemoriam.tecnocampus.cat\/leonard-janer\/wp-json\/wp\/v2\/users\/1"}],"replies":[{"embeddable":true,"href":"https:\/\/inmemoriam.tecnocampus.cat\/leonard-janer\/wp-json\/wp\/v2\/comments?post=77"}],"version-history":[{"count":7,"href":"https:\/\/inmemoriam.tecnocampus.cat\/leonard-janer\/wp-json\/wp\/v2\/pages\/77\/revisions"}],"predecessor-version":[{"id":149,"href":"https:\/\/inmemoriam.tecnocampus.cat\/leonard-janer\/wp-json\/wp\/v2\/pages\/77\/revisions\/149"}],"wp:attachment":[{"href":"https:\/\/inmemoriam.tecnocampus.cat\/leonard-janer\/wp-json\/wp\/v2\/media?parent=77"}],"curies":[{"name":"wp","href":"https:\/\/api.w.org\/{rel}","templated":true}]}}